{"id":6,"date":"2019-09-04T14:57:00","date_gmt":"2019-09-04T14:57:00","guid":{"rendered":"https:\/\/atutto.ch\/?page_id=6"},"modified":"2026-03-30T14:54:15","modified_gmt":"2026-03-30T14:54:15","slug":"residences","status":"publish","type":"page","link":"https:\/\/atutto.ch\/?page_id=6","title":{"rendered":"\u00dcber uns"},"content":{"rendered":"<div>\u00dcber uns<\/div>\n<h1>Innovative L\u00f6sungen. Verl\u00e4sslicher Partner. Gemeinsam erfolgreich.<\/h1>\n<div>\n<p data-start=\"158\" data-end=\"212\"><strong data-start=\"158\" data-end=\"212\">Atutto \u2013 Ihr zuverl\u00e4ssiger Partner im Onlinehandel<\/strong><\/p>\n<p data-start=\"214\" data-end=\"515\">Atutto ist spezialisiert auf den professionellen Onlinevertrieb physischer Waren. Durch unsere langj\u00e4hrige Erfahrung im Handel legen wir h\u00f6chsten Wert auf Qualit\u00e4t, Zuverl\u00e4ssigkeit und effiziente Abl\u00e4ufe \u2013 mit dem klaren Ziel, das Einkaufserlebnis f\u00fcr unsere Kundinnen und Kunden stetig zu verbessern.<\/p>\n<p data-start=\"517\" data-end=\"741\">Wir agieren ausschliesslich als Versandhandel \u2013 eine Selbstabholung vor Ort ist daher nicht m\u00f6glich. Daf\u00fcr bieten wir Ihnen einen unkomplizierten, sicheren und transparenten Bestellprozess \u2013 von der Auswahl bis zur Lieferung.<\/p>\n<p data-start=\"743\" data-end=\"772\"><strong data-start=\"743\" data-end=\"772\">Ihre Vorteile bei Atutto:<\/strong><\/p>\n<ul data-start=\"774\" data-end=\"936\">\n<li data-start=\"774\" data-end=\"807\">\n<p data-start=\"776\" data-end=\"807\"><strong data-start=\"776\" data-end=\"805\">Keine Mindestbestellmenge<\/strong><\/p>\n<\/li>\n<li data-start=\"808\" data-end=\"841\">\n<p data-start=\"810\" data-end=\"841\"><strong data-start=\"810\" data-end=\"839\">Kein Mindermengenzuschlag<\/strong><\/p>\n<\/li>\n<li data-start=\"842\" data-end=\"936\">\n<p data-start=\"844\" data-end=\"936\"><strong data-start=\"844\" data-end=\"885\">Sichere und flexible Zahlungsmethoden<\/strong><br data-start=\"885\" data-end=\"888\" \/>\u2013 TWINT, Vorauszahlung<\/p>\n<\/li>\n<\/ul>\n<p data-start=\"938\" data-end=\"1082\">Kundenzufriedenheit und Vertrauen stehen bei uns an oberster Stelle. Wir m\u00f6chten, dass Sie sich bei jedem Einkauf gut betreut und sicher f\u00fchlen.<\/p>\n<p data-start=\"1084\" data-end=\"1161\"><strong data-start=\"1084\" data-end=\"1161\">Das Atutto-Team w\u00fcnscht Ihnen einen angenehmen und erfolgreichen Einkauf!<\/strong><\/p>\n<p data-start=\"1084\" data-end=\"1161\"><span>Besuchen Sie unsere Atutto-Shops hier:<\/span><\/p>\n<p data-start=\"1084\" data-end=\"1161\">Atutto Ricardo &#8211; <a href=\"https:\/\/www.ricardo.ch\/de\/shop\/Atutto\/offers\/\" target=\"_blank\" rel=\"noopener\">Atutto | Ricardo.ch<\/a><br \/>Atutto Orsetto &#8211;\u00a0 <a href=\"https:\/\/orsetto.ch\/de\/user-profile\/shop\/Atutto\/offers?page=1\" target=\"_blank\" rel=\"noopener\">Atutto | Orsetto.ch<\/a><br \/>Atutto Zaster &#8211; <a href=\"https:\/\/zaster.ch\/de\/public-profile\/5323\" target=\"_blank\" rel=\"noopener\">Atutto | Zaster.ch<\/a><\/p>\n<\/div>\n<p><!--more--><br \/>\n<!-- {\"type\":\"layout\",\"children\":[{\"name\":\"VCard\",\"type\":\"section\",\"props\":{\"animation\":\"slide-left-medium\",\"animation_delay\":\"200\",\"height\":\"viewport\",\"height_offset_top\":true,\"image\":\"wp-content\\\/uploads\\\/yootheme\\\/projects-bg.svg\",\"image_effect\":\"parallax\",\"image_parallax_bgx\":\"-300,-300\",\"image_parallax_bgy\":\"200,-150\",\"image_parallax_breakpoint\":\"m\",\"image_parallax_easing\":\"1\",\"image_position\":\"center-center\",\"media_visibility\":\"m\",\"padding\":\"large\",\"padding_remove_bottom\":false,\"style\":\"default\",\"title_breakpoint\":\"xl\",\"title_position\":\"top-left\",\"title_rotation\":\"left\",\"vertical_align\":\"middle\",\"width\":\"large\"},\"children\":[{\"type\":\"row\",\"props\":{\"column_gap\":\"large\",\"divider\":false,\"margin_remove_bottom\":false,\"margin_remove_top\":false,\"row_gap\":\"large\"},\"children\":[{\"type\":\"column\",\"props\":{\"image_effect\":\"parallax\",\"image_parallax_easing\":\"1\",\"image_position\":\"top-left\",\"position_sticky_breakpoint\":\"m\"},\"children\":[{\"type\":\"headline\",\"props\":{\"content\":\"\\u00dcber uns\",\"margin\":\"small\",\"margin_remove_bottom\":false,\"margin_remove_top\":false,\"title_color\":\"primary\",\"title_element\":\"div\",\"title_style\":\"h6\"}},{\"type\":\"headline\",\"props\":{\"content\":\"Innovative L\\u00f6sungen. Verl\\u00e4sslicher Partner. Gemeinsam erfolgreich.\",\"margin_remove_bottom\":false,\"margin_remove_top\":true,\"text_align\":\"left\",\"title_element\":\"h1\",\"title_style\":\"heading-medium\"}},{\"type\":\"text\",\"props\":{\"column_breakpoint\":\"m\",\"content\":\"\n\n<p data-start=\\\"158\\\" data-end=\\\"212\\\"><strong data-start=\\\"158\\\" data-end=\\\"212\\\">Atutto \\u2013 Ihr zuverl\\u00e4ssiger Partner im Onlinehandel<\\\/strong><\\\/p>\\n\n\n<p data-start=\\\"214\\\" data-end=\\\"515\\\">Atutto ist spezialisiert auf den professionellen Onlinevertrieb physischer Waren. Durch unsere langj\\u00e4hrige Erfahrung im Handel legen wir h\\u00f6chsten Wert auf Qualit\\u00e4t, Zuverl\\u00e4ssigkeit und effiziente Abl\\u00e4ufe \\u2013 mit dem klaren Ziel, das Einkaufserlebnis f\\u00fcr unsere Kundinnen und Kunden stetig zu verbessern.<\\\/p>\\n\n\n<p data-start=\\\"517\\\" data-end=\\\"741\\\">Wir agieren ausschliesslich als Versandhandel \\u2013 eine Selbstabholung vor Ort ist daher nicht m\\u00f6glich. Daf\\u00fcr bieten wir Ihnen einen unkomplizierten, sicheren und transparenten Bestellprozess \\u2013 von der Auswahl bis zur Lieferung.<\\\/p>\\n\n\n<p data-start=\\\"743\\\" data-end=\\\"772\\\"><strong data-start=\\\"743\\\" data-end=\\\"772\\\">Ihre Vorteile bei Atutto:<\\\/strong><\\\/p>\\n\n\n<ul data-start=\\\"774\\\" data-end=\\\"936\\\">\\n\n\n<li data-start=\\\"774\\\" data-end=\\\"807\\\">\\n\n\n<p data-start=\\\"776\\\" data-end=\\\"807\\\"><strong data-start=\\\"776\\\" data-end=\\\"805\\\">Keine Mindestbestellmenge<\\\/strong><\\\/p>\\n<\\\/li>\\n\n\n<li data-start=\\\"808\\\" data-end=\\\"841\\\">\\n\n\n<p data-start=\\\"810\\\" data-end=\\\"841\\\"><strong data-start=\\\"810\\\" data-end=\\\"839\\\">Kein Mindermengenzuschlag<\\\/strong><\\\/p>\\n<\\\/li>\\n\n\n<li data-start=\\\"842\\\" data-end=\\\"936\\\">\\n\n\n<p data-start=\\\"844\\\" data-end=\\\"936\\\"><strong data-start=\\\"844\\\" data-end=\\\"885\\\">Sichere und flexible Zahlungsmethoden<\\\/strong><br data-start=\\\"885\\\" data-end=\\\"888\\\" \\\/>\\u2013 TWINT, Vorauszahlung<\\\/p>\\n<\\\/li>\\n<\\\/ul>\\n\n\n<p data-start=\\\"938\\\" data-end=\\\"1082\\\">Kundenzufriedenheit und Vertrauen stehen bei uns an oberster Stelle. Wir m\\u00f6chten, dass Sie sich bei jedem Einkauf gut betreut und sicher f\\u00fchlen.<\\\/p>\\n\n\n<p data-start=\\\"1084\\\" data-end=\\\"1161\\\"><strong data-start=\\\"1084\\\" data-end=\\\"1161\\\">Das Atutto-Team w\\u00fcnscht Ihnen einen angenehmen und erfolgreichen Einkauf!<\\\/strong><\\\/p>\\n\n\n<p data-start=\\\"1084\\\" data-end=\\\"1161\\\"><span>Besuchen Sie unsere Atutto-Shops hier:<\\\/span><\\\/p>\\n\n\n<p data-start=\\\"1084\\\" data-end=\\\"1161\\\">Atutto Ricardo - <a href=\\\"https:\\\/\\\/www.ricardo.ch\\\/de\\\/shop\\\/Atutto\\\/offers\\\/\\\" target=\\\"_blank\\\" rel=\\\"noopener\\\">Atutto | Ricardo.ch<\\\/a><br \\\/>Atutto Orsetto -\\u00a0 <a href=\\\"https:\\\/\\\/orsetto.ch\\\/de\\\/user-profile\\\/shop\\\/Atutto\\\/offers?page=1\\\" target=\\\"_blank\\\" rel=\\\"noopener\\\">Atutto | Orsetto.ch<\\\/a><br \\\/>Atutto Zaster - <a href=\\\"https:\\\/\\\/zaster.ch\\\/de\\\/public-profile\\\/5323\\\" target=\\\"_blank\\\" rel=\\\"noopener\\\">Atutto | Zaster.ch<\\\/a><\\\/p>\",\"margin\":\"large\",\"maxwidth\":\"2xlarge\",\"text_style\":\"large\"}}]}]}]}],\"version\":\"4.5.18\"} --><\/p>\n","protected":false},"excerpt":{"rendered":"<p>\u00dcber uns Innovative L\u00f6sungen. Verl\u00e4sslicher Partner. Gemeinsam erfolgreich. Atutto \u2013 Ihr zuverl\u00e4ssiger Partner im Onlinehandel Atutto ist spezialisiert auf den professionellen Onlinevertrieb physischer Waren. Durch unsere langj\u00e4hrige Erfahrung im Handel legen wir h\u00f6chsten Wert auf Qualit\u00e4t, Zuverl\u00e4ssigkeit und effiziente Abl\u00e4ufe \u2013 mit dem klaren Ziel, das Einkaufserlebnis f\u00fcr unsere Kundinnen und Kunden stetig zu verbessern. [&hellip;]<\/p>\n","protected":false},"author":1,"featured_media":0,"parent":0,"menu_order":10,"comment_status":"closed","ping_status":"closed","template":"","meta":{"_acf_changed":false,"footnotes":""},"class_list":["post-6","page","type-page","status-publish","hentry"],"acf":[],"_links":{"self":[{"href":"https:\/\/atutto.ch\/index.php?rest_route=\/wp\/v2\/pages\/6","targetHints":{"allow":["GET"]}}],"collection":[{"href":"https:\/\/atutto.ch\/index.php?rest_route=\/wp\/v2\/pages"}],"about":[{"href":"https:\/\/atutto.ch\/index.php?rest_route=\/wp\/v2\/types\/page"}],"author":[{"embeddable":true,"href":"https:\/\/atutto.ch\/index.php?rest_route=\/wp\/v2\/users\/1"}],"replies":[{"embeddable":true,"href":"https:\/\/atutto.ch\/index.php?rest_route=%2Fwp%2Fv2%2Fcomments&post=6"}],"version-history":[{"count":23,"href":"https:\/\/atutto.ch\/index.php?rest_route=\/wp\/v2\/pages\/6\/revisions"}],"predecessor-version":[{"id":2407,"href":"https:\/\/atutto.ch\/index.php?rest_route=\/wp\/v2\/pages\/6\/revisions\/2407"}],"wp:attachment":[{"href":"https:\/\/atutto.ch\/index.php?rest_route=%2Fwp%2Fv2%2Fmedia&parent=6"}],"curies":[{"name":"wp","href":"https:\/\/api.w.org\/{rel}","templated":true}]}}